{"id":14,"date":"2015-11-09T16:28:54","date_gmt":"2015-11-09T15:28:54","guid":{"rendered":"http:\/\/www.nauticclubhers.fr\/?page_id=14"},"modified":"2023-04-04T13:50:12","modified_gmt":"2023-04-04T12:50:12","slug":"accueil","status":"publish","type":"page","link":"https:\/\/www.nauticclubhers.fr\/index.php\/accueil\/","title":{"rendered":"Qui sommes-nous ?"},"content":{"rendered":"<h2 style=\"padding-left: 60px;\"><span style=\"color: #00ccff; text-decoration: underline;\"><strong><a href=\"https:\/\/www.nauticclubhers.fr\/wp-content\/uploads\/2016\/01\/NCH_logo.png\"><img loading=\"lazy\" decoding=\"async\" class=\"alignnone wp-image-135 size-medium\" src=\"https:\/\/www.nauticclubhers.fr\/wp-content\/uploads\/2016\/01\/NCH_logo-300x114.png\" alt=\"\" width=\"300\" height=\"114\" srcset=\"https:\/\/www.nauticclubhers.fr\/wp-content\/uploads\/2016\/01\/NCH_logo-300x114.png 300w, https:\/\/www.nauticclubhers.fr\/wp-content\/uploads\/2016\/01\/NCH_logo-768x292.png 768w, https:\/\/www.nauticclubhers.fr\/wp-content\/uploads\/2016\/01\/NCH_logo.png 816w\" sizes=\"auto, (max-width: 300px) 100vw, 300px\" \/><\/a><\/strong><\/span><\/h2>\n<h2><span style=\"color: #00ccff; text-decoration: underline;\"><strong>Bienvenue sur le site\u00a0NCH<\/strong><\/span><\/h2>\n<p style=\"text-align: left;\">\u00a0 \u00a0 \u00a0Le Nautic \u00a0Club de l\u2019Hers (NCH) , affili\u00e9 \u00e0 la<a href=\"https:\/\/ffnatation.fr\/\" target=\"_blank\" rel=\"noopener\"> F\u00e9d\u00e9ration Fran\u00e7aise Natation<\/a> (FFN) et \u00e0 la <a href=\"https:\/\/sportadapte.fr\/\">F\u00e9d\u00e9ration Fran\u00e7aise de Sport Adapt\u00e9<\/a> (FFSA).<\/p>\n<p style=\"text-align: left;\">Il a pour objet la pratique de la natation FFN pour les personnes de plus de 7 ans poss\u00e9dant la ma\u00eetrise d\u2019au moins deux nages (une ventrale et une dorsale) et capables de nager au minimum de 50 m\u00e8tres.<\/p>\n<p style=\"text-align: left;\">Le NCH propose aux jeunes des s\u00e9ances de perfectionnement et pour ceux qui le souhaitent d&rsquo;adh\u00e9rer au groupe comp\u00e9tition de niveaux d\u00e9partemental et r\u00e9gional.<\/p>\n<p style=\"text-align: left;\">Il propose \u00e9galement des s\u00e9ances d\u2019aquagym pour adultes.<\/p>\n<p>Pour le Sport Adapt\u00e9, les s\u00e9ances sont r\u00e9serv\u00e9es aux adultes sachant nager.<\/p>\n<p style=\"text-align: left;\">Les entrainements sont encadr\u00e9s par des moniteurs dipl\u00f4m\u00e9s d\u2019\u00e9tat, qui assurent la progression p\u00e9dagogique des nageurs selon leur niveau.<\/p>\n<p style=\"text-align: left;\">Quelle que soit l\u2019option choisie, la bonne ambiance et la convivialit\u00e9 sont toujours au rendez-vous !<\/p>\n<h2 style=\"text-align: center;\"><span style=\"color: #00ccff;\"><strong>Le Nautic Club de l\u2019Hers<br \/>c\u2019est le plaisir de nager avant tout &#8230;<\/strong><\/span><\/h2>\n\n\n<p><\/p>\n","protected":false},"excerpt":{"rendered":"<p>Bienvenue sur le site\u00a0NCH \u00a0 \u00a0 \u00a0Le Nautic \u00a0Club de l\u2019Hers (NCH) , affili\u00e9 \u00e0 la F\u00e9d\u00e9ration Fran\u00e7aise Natation (FFN) et \u00e0 la F\u00e9d\u00e9ration Fran\u00e7aise de Sport Adapt\u00e9 (FFSA). Il a pour objet la pratique de la natation FFN pour les personnes de plus de 7 ans poss\u00e9dant la ma\u00eetrise d\u2019au moins deux nages (une &hellip; <a href=\"https:\/\/www.nauticclubhers.fr\/index.php\/accueil\/\" class=\"more-link\">Continuer la lecture de <span class=\"screen-reader-text\">Qui sommes-nous ?<\/span> <span class=\"meta-nav\">&rarr;<\/span><\/a><\/p>\n","protected":false},"author":2,"featured_media":0,"parent":0,"menu_order":0,"comment_status":"closed","ping_status":"closed","template":"","meta":{"footnotes":""},"class_list":["post-14","page","type-page","status-publish","hentry"],"_links":{"self":[{"href":"https:\/\/www.nauticclubhers.fr\/index.php\/wp-json\/wp\/v2\/pages\/14","targetHints":{"allow":["GET"]}}],"collection":[{"href":"https:\/\/www.nauticclubhers.fr\/index.php\/wp-json\/wp\/v2\/pages"}],"about":[{"href":"https:\/\/www.nauticclubhers.fr\/index.php\/wp-json\/wp\/v2\/types\/page"}],"author":[{"embeddable":true,"href":"https:\/\/www.nauticclubhers.fr\/index.php\/wp-json\/wp\/v2\/users\/2"}],"replies":[{"embeddable":true,"href":"https:\/\/www.nauticclubhers.fr\/index.php\/wp-json\/wp\/v2\/comments?post=14"}],"version-history":[{"count":26,"href":"https:\/\/www.nauticclubhers.fr\/index.php\/wp-json\/wp\/v2\/pages\/14\/revisions"}],"predecessor-version":[{"id":1701,"href":"https:\/\/www.nauticclubhers.fr\/index.php\/wp-json\/wp\/v2\/pages\/14\/revisions\/1701"}],"wp:attachment":[{"href":"https:\/\/www.nauticclubhers.fr\/index.php\/wp-json\/wp\/v2\/media?parent=14"}],"curies":[{"name":"wp","href":"https:\/\/api.w.org\/{rel}","templated":true}]}}