{"id":1463,"date":"2022-10-16T08:30:52","date_gmt":"2022-10-16T07:30:52","guid":{"rendered":"https:\/\/www.nauticclubhers.fr\/?page_id=1463"},"modified":"2025-02-02T18:04:56","modified_gmt":"2025-02-02T17:04:56","slug":"azerty","status":"publish","type":"page","link":"https:\/\/www.nauticclubhers.fr\/index.php\/azerty\/","title":{"rendered":"Masters &#8211; Comp\u00e9titions"},"content":{"rendered":"\n<p><img loading=\"lazy\" decoding=\"async\" height=\"16\" width=\"16\" alt=\"\ud83d\udd25\" src=\"https:\/\/static.xx.fbcdn.net\/images\/emoji.php\/v9\/t50\/1\/16\/1f525.png\"><img loading=\"lazy\" decoding=\"async\" height=\"16\" width=\"16\" alt=\"\u203c\" src=\"https:\/\/static.xx.fbcdn.net\/images\/emoji.php\/v9\/t77\/1\/16\/203c.png\"><img loading=\"lazy\" decoding=\"async\" height=\"16\" width=\"16\" alt=\"\ud83d\udd25\" src=\"https:\/\/static.xx.fbcdn.net\/images\/emoji.php\/v9\/t50\/1\/16\/1f525.png\">Mesdames, Messieurs les nageurs adultes,<\/p>\n\n\n\n<p><strong>Les comp\u00e9titions de natation Masters&nbsp;: relevez le d\u00e9fi&nbsp;!<\/strong><\/p>\n\n\n\n<p>Vous aimez nager et souhaitez donner un nouvel \u00e9lan \u00e0 votre passion&nbsp;? <strong>Les comp\u00e9titions Masters sont faites pour vous&nbsp;!!<\/strong><\/p>\n\n\n\n<p>Si de prime abord le nom peut apparaitre \u00e9litiste, il n\u2019en est rien. Pourquoi rejoindre les Masters&nbsp;?<\/p>\n\n\n\n<ul class=\"wp-block-list\">\n<li>Accessibles \u00e0 tous\u00a0: ouvertes aux nageurs (euses) \u00e0 partir de 20 ans et plus, quel que soit votre niveau (sans minima requis).<\/li>\n\n\n\n<li>Ambiance conviviale\u00a0: venez partager des moments forts avec des nageurs (euses) passionn\u00e9s dans un esprit de camaraderie.<\/li>\n\n\n\n<li>D\u00e9fi personnel\u00a0: am\u00e9liorez vos performances, repoussez vos limites et atteignez vos objectifs.<\/li>\n\n\n\n<li>Exp\u00e9rience unique\u00a0: participez \u00e0 des comp\u00e9titions locales, nationales et m\u00eame internationales adapt\u00e9es \u00e0 vos cat\u00e9gories d\u2019\u00e2ge.<\/li>\n\n\n\n<li>Peu chronophage\u00a0: pour les comp\u00e9titions locales (g\u00e9n\u00e9ralement \u00e0 Balma), les \u00e9v\u00e8nements se concentrent entre 14h et 18h.<\/li>\n<\/ul>\n\n\n\n<p>Le plaisir avant tout&nbsp;! Les Masters allient effort, plaisir et esprit d\u2019\u00e9quipe. Que vous soyez un ancien comp\u00e9titeur ou un nageur loisir en qu\u00eate de nouveaux d\u00e9fis, vous trouverez votre place.<\/p>\n\n\n\n<p><strong>Rejoignez-nous et vivez l\u2019exp\u00e9rience Masters&nbsp;!<\/strong><\/p>\n\n\n\n<p>Comment plonger dans l\u2019aventure&nbsp;:<\/p>\n\n\n\n<ul class=\"wp-block-list\">\n<li>Faites-vous connaitre aupr\u00e8s de vos entraineurs ou envoyez un mail \u00e0 l\u2019adresse <a href=\"mailto:nauticclubhers@gmail.com\">nauticclubhers@gmail.com<\/a>.<\/li>\n\n\n\n<li>Vous devrez-\u00eatre en possession d\u2019une licence comp\u00e9tition. Si vous ne l\u2019avez pas contract\u00e9e en d\u00e9but de saison, il est possible de l\u2019obtenir en payant la diff\u00e9rence (55\u20ac). Ce prix inclus l\u2019obtention d\u2019un bonnet et d\u2019un tee-shirt du club.<\/li>\n\n\n\n<li>Nous prenons en charge les frais d\u2019inscriptions pour chaque \u00e9v\u00e8nement.<\/li>\n\n\n\n<li>Vous choisissez jusqu\u2019\u00e0 4 s\u00e9ries par personne comprenant de l\u2019individuel ou du relais.<\/li>\n<\/ul>\n\n\n\n<p>Prochaine \u00e9ch\u00e9ance&nbsp;: le 20\/04\/2025.<\/p>\n\n\n\n<p>Vous avez jusqu\u2019au 10 avril pour nous remontez-nous vos souhaits.<\/p>\n\n\n\n<h1 class=\"wp-block-heading\"><strong>Cat\u00e9gories<\/strong><\/h1>\n\n\n\n<p>      La comp\u00e9tition des \u00ab maitres \u00bb a \u00e9t\u00e9 mise en place par la F\u00e9d\u00e9ration Fran\u00e7aise de Natation pour celles et ceux qui recherchent la comp\u00e9titivit\u00e9. L\u2019objectif de cette discipline est de mettre en comp\u00e9tition les nageurs apr\u00e8s les avoir r\u00e9partis dans l\u2019une des quinze cat\u00e9gories (C1 \u00e0 C15) en fonction de leur \u00e2ge.<\/p>\n\n\n\n<p>Cat\u00e9gorie Age <\/p>\n\n\n\n<p>C1             25 \u00e0 29 ans <\/p>\n\n\n\n<p>C2            30 \u00e0 34 ans <\/p>\n\n\n\n<p>C3             35 \u00e0 39 ans <\/p>\n\n\n\n<p>C4            40 \u00e0 44 ans <\/p>\n\n\n\n<p>C5             45 \u00e0 49 ans <\/p>\n\n\n\n<p>C6            50 \u00e0 54 ans <\/p>\n\n\n\n<p>C7            55 \u00e0 59 ans<\/p>\n\n\n\n<p>C8             60 \u00e0 64 ans<\/p>\n\n\n\n<p>C9             65 \u00e0 69 ans <\/p>\n\n\n\n<p>C10          70 \u00e0 74 ans  <\/p>\n\n\n\n<p>Le club vous proposera tout au long de l\u2019ann\u00e9e quelques-unes des comp\u00e9titions (3 ou 4 dates) afin de vous mesurer \u00e0 d\u2019autres nageurs, de vous surpasser, mais surtout de passer des moments conviviaux et sympathiques autour de notre discipline.<\/p>\n\n\n\n<p>Pour celles et ceux qui souhaitent participer :<\/p>\n\n\n\n<p>&#8211; Licence \u00e0 prendre pour l\u2019ann\u00e9e (55\u20ac)<\/p>\n\n\n\n<p>&#8211; Possibilit\u00e9 de participer aux s\u00e9ances du samedi lors des entrainements de comp\u00e9tition pour les non-inscrits le samedi.<\/p>\n\n\n<div class=\"wp-block-image\">\n<figure class=\"aligncenter size-full\"><a href=\"https:\/\/www.nauticclubhers.fr\/wp-content\/uploads\/2025\/02\/Photo-Master-2024-2-rotated.jpg\"><img loading=\"lazy\" decoding=\"async\" width=\"320\" height=\"240\" src=\"https:\/\/www.nauticclubhers.fr\/wp-content\/uploads\/2025\/02\/Photo-Master-2024-2-rotated.jpg\" alt=\"\" class=\"wp-image-2256\" srcset=\"https:\/\/www.nauticclubhers.fr\/wp-content\/uploads\/2025\/02\/Photo-Master-2024-2-rotated.jpg 320w, https:\/\/www.nauticclubhers.fr\/wp-content\/uploads\/2025\/02\/Photo-Master-2024-2-300x225.jpg 300w\" sizes=\"auto, (max-width: 320px) 100vw, 320px\" \/><\/a><\/figure>\n<\/div>\n\n\n<figure class=\"wp-block-image size-large\"><a href=\"https:\/\/www.nauticclubhers.fr\/wp-content\/uploads\/2022\/10\/NCH_Maitres_02-06-18-015H.jpg\"><img loading=\"lazy\" decoding=\"async\" width=\"1024\" height=\"683\" src=\"https:\/\/www.nauticclubhers.fr\/wp-content\/uploads\/2022\/10\/NCH_Maitres_02-06-18-015H-1024x683.jpg\" alt=\"\" class=\"wp-image-1472\" srcset=\"https:\/\/www.nauticclubhers.fr\/wp-content\/uploads\/2022\/10\/NCH_Maitres_02-06-18-015H-1024x683.jpg 1024w, https:\/\/www.nauticclubhers.fr\/wp-content\/uploads\/2022\/10\/NCH_Maitres_02-06-18-015H-300x200.jpg 300w, https:\/\/www.nauticclubhers.fr\/wp-content\/uploads\/2022\/10\/NCH_Maitres_02-06-18-015H-768x512.jpg 768w, https:\/\/www.nauticclubhers.fr\/wp-content\/uploads\/2022\/10\/NCH_Maitres_02-06-18-015H-1536x1024.jpg 1536w, https:\/\/www.nauticclubhers.fr\/wp-content\/uploads\/2022\/10\/NCH_Maitres_02-06-18-015H.jpg 1749w\" sizes=\"auto, (max-width: 1024px) 100vw, 1024px\" \/><\/a><\/figure>\n\n\n\n<figure class=\"wp-block-image size-large\"><a href=\"https:\/\/www.nauticclubhers.fr\/wp-content\/uploads\/2022\/10\/NCH_Maitres_02-06-18-025H.jpg\"><img loading=\"lazy\" decoding=\"async\" width=\"1024\" height=\"683\" src=\"https:\/\/www.nauticclubhers.fr\/wp-content\/uploads\/2022\/10\/NCH_Maitres_02-06-18-025H-1024x683.jpg\" alt=\"\" class=\"wp-image-1475\" srcset=\"https:\/\/www.nauticclubhers.fr\/wp-content\/uploads\/2022\/10\/NCH_Maitres_02-06-18-025H-1024x683.jpg 1024w, https:\/\/www.nauticclubhers.fr\/wp-content\/uploads\/2022\/10\/NCH_Maitres_02-06-18-025H-300x200.jpg 300w, https:\/\/www.nauticclubhers.fr\/wp-content\/uploads\/2022\/10\/NCH_Maitres_02-06-18-025H-768x512.jpg 768w, https:\/\/www.nauticclubhers.fr\/wp-content\/uploads\/2022\/10\/NCH_Maitres_02-06-18-025H-1536x1024.jpg 1536w, https:\/\/www.nauticclubhers.fr\/wp-content\/uploads\/2022\/10\/NCH_Maitres_02-06-18-025H.jpg 1749w\" sizes=\"auto, (max-width: 1024px) 100vw, 1024px\" \/><\/a><\/figure>\n\n\n\n<figure class=\"wp-block-image size-large\"><a href=\"https:\/\/www.nauticclubhers.fr\/wp-content\/uploads\/2022\/10\/NCH_Maitres_02-06-18-047H.jpg\"><img loading=\"lazy\" decoding=\"async\" width=\"1024\" height=\"683\" src=\"https:\/\/www.nauticclubhers.fr\/wp-content\/uploads\/2022\/10\/NCH_Maitres_02-06-18-047H-1024x683.jpg\" alt=\"\" class=\"wp-image-1476\" srcset=\"https:\/\/www.nauticclubhers.fr\/wp-content\/uploads\/2022\/10\/NCH_Maitres_02-06-18-047H-1024x683.jpg 1024w, https:\/\/www.nauticclubhers.fr\/wp-content\/uploads\/2022\/10\/NCH_Maitres_02-06-18-047H-300x200.jpg 300w, https:\/\/www.nauticclubhers.fr\/wp-content\/uploads\/2022\/10\/NCH_Maitres_02-06-18-047H-768x512.jpg 768w, https:\/\/www.nauticclubhers.fr\/wp-content\/uploads\/2022\/10\/NCH_Maitres_02-06-18-047H-1536x1024.jpg 1536w, https:\/\/www.nauticclubhers.fr\/wp-content\/uploads\/2022\/10\/NCH_Maitres_02-06-18-047H.jpg 1749w\" sizes=\"auto, (max-width: 1024px) 100vw, 1024px\" \/><\/a><\/figure>\n\n\n\n<figure class=\"wp-block-image size-large\"><a href=\"https:\/\/www.nauticclubhers.fr\/wp-content\/uploads\/2022\/10\/NCH-Maitres-14-02-16-048.jpg\"><img loading=\"lazy\" decoding=\"async\" width=\"1024\" height=\"683\" src=\"https:\/\/www.nauticclubhers.fr\/wp-content\/uploads\/2022\/10\/NCH-Maitres-14-02-16-048-1024x683.jpg\" alt=\"\" class=\"wp-image-1477\" srcset=\"https:\/\/www.nauticclubhers.fr\/wp-content\/uploads\/2022\/10\/NCH-Maitres-14-02-16-048-1024x683.jpg 1024w, https:\/\/www.nauticclubhers.fr\/wp-content\/uploads\/2022\/10\/NCH-Maitres-14-02-16-048-300x200.jpg 300w, https:\/\/www.nauticclubhers.fr\/wp-content\/uploads\/2022\/10\/NCH-Maitres-14-02-16-048-768x512.jpg 768w, https:\/\/www.nauticclubhers.fr\/wp-content\/uploads\/2022\/10\/NCH-Maitres-14-02-16-048-1536x1024.jpg 1536w, https:\/\/www.nauticclubhers.fr\/wp-content\/uploads\/2022\/10\/NCH-Maitres-14-02-16-048.jpg 1749w\" sizes=\"auto, (max-width: 1024px) 100vw, 1024px\" \/><\/a><\/figure>\n","protected":false},"excerpt":{"rendered":"<p>Mesdames, Messieurs les nageurs adultes, Les comp\u00e9titions de natation Masters&nbsp;: relevez le d\u00e9fi&nbsp;! Vous aimez nager et souhaitez donner un nouvel \u00e9lan \u00e0 votre passion&nbsp;? Les comp\u00e9titions Masters sont faites pour vous&nbsp;!! Si de prime abord le nom peut apparaitre \u00e9litiste, il n\u2019en est rien. Pourquoi rejoindre les Masters&nbsp;? Le plaisir avant tout&nbsp;! Les Masters &hellip; <a href=\"https:\/\/www.nauticclubhers.fr\/index.php\/azerty\/\" class=\"more-link\">Continuer la lecture de <span class=\"screen-reader-text\">Masters &#8211; Comp\u00e9titions<\/span> <span class=\"meta-nav\">&rarr;<\/span><\/a><\/p>\n","protected":false},"author":2,"featured_media":0,"parent":0,"menu_order":0,"comment_status":"closed","ping_status":"closed","template":"","meta":{"footnotes":""},"class_list":["post-1463","page","type-page","status-publish","hentry"],"_links":{"self":[{"href":"https:\/\/www.nauticclubhers.fr\/index.php\/wp-json\/wp\/v2\/pages\/1463","targetHints":{"allow":["GET"]}}],"collection":[{"href":"https:\/\/www.nauticclubhers.fr\/index.php\/wp-json\/wp\/v2\/pages"}],"about":[{"href":"https:\/\/www.nauticclubhers.fr\/index.php\/wp-json\/wp\/v2\/types\/page"}],"author":[{"embeddable":true,"href":"https:\/\/www.nauticclubhers.fr\/index.php\/wp-json\/wp\/v2\/users\/2"}],"replies":[{"embeddable":true,"href":"https:\/\/www.nauticclubhers.fr\/index.php\/wp-json\/wp\/v2\/comments?post=1463"}],"version-history":[{"count":18,"href":"https:\/\/www.nauticclubhers.fr\/index.php\/wp-json\/wp\/v2\/pages\/1463\/revisions"}],"predecessor-version":[{"id":2257,"href":"https:\/\/www.nauticclubhers.fr\/index.php\/wp-json\/wp\/v2\/pages\/1463\/revisions\/2257"}],"wp:attachment":[{"href":"https:\/\/www.nauticclubhers.fr\/index.php\/wp-json\/wp\/v2\/media?parent=1463"}],"curies":[{"name":"wp","href":"https:\/\/api.w.org\/{rel}","templated":true}]}}