{"id":6,"date":"2015-10-23T21:22:40","date_gmt":"2015-10-23T20:22:40","guid":{"rendered":"http:\/\/www.nauticclubhers.fr\/?page_id=6"},"modified":"2023-01-18T22:06:23","modified_gmt":"2023-01-18T21:06:23","slug":"plan-dacces","status":"publish","type":"page","link":"https:\/\/www.nauticclubhers.fr\/index.php\/plan-dacces\/","title":{"rendered":"Plan d&rsquo;acc\u00e8s"},"content":{"rendered":"<p><a href=\"http:\/\/www.nauticclubhers.fr\/wp-content\/uploads\/2015\/10\/Photo_satellite_piscine.jpg\"><img loading=\"lazy\" decoding=\"async\" class=\"alignnone size-medium wp-image-7\" src=\"http:\/\/www.nauticclubhers.fr\/wp-content\/uploads\/2015\/10\/Photo_satellite_piscine-300x228.jpg\" alt=\"Photo satellite_de la piscine\" width=\"300\" height=\"228\" srcset=\"https:\/\/www.nauticclubhers.fr\/wp-content\/uploads\/2015\/10\/Photo_satellite_piscine-300x228.jpg 300w, https:\/\/www.nauticclubhers.fr\/wp-content\/uploads\/2015\/10\/Photo_satellite_piscine.jpg 848w\" sizes=\"auto, (max-width: 300px) 100vw, 300px\" \/><\/a><\/p>\n<h2>Acc\u00e8s \u00e0 la piscine<\/h2>\n<p><strong>Adresse :<\/strong> 1 impasse Jacques Pr\u00e9vert 31650 Saint-Orens-de-Gameville<\/p>\n","protected":false},"excerpt":{"rendered":"<p>Acc\u00e8s \u00e0 la piscine Adresse : 1 impasse Jacques Pr\u00e9vert 31650 Saint-Orens-de-Gameville<\/p>\n","protected":false},"author":1,"featured_media":0,"parent":0,"menu_order":0,"comment_status":"closed","ping_status":"closed","template":"","meta":{"footnotes":""},"class_list":["post-6","page","type-page","status-publish","hentry"],"_links":{"self":[{"href":"https:\/\/www.nauticclubhers.fr\/index.php\/wp-json\/wp\/v2\/pages\/6","targetHints":{"allow":["GET"]}}],"collection":[{"href":"https:\/\/www.nauticclubhers.fr\/index.php\/wp-json\/wp\/v2\/pages"}],"about":[{"href":"https:\/\/www.nauticclubhers.fr\/index.php\/wp-json\/wp\/v2\/types\/page"}],"author":[{"embeddable":true,"href":"https:\/\/www.nauticclubhers.fr\/index.php\/wp-json\/wp\/v2\/users\/1"}],"replies":[{"embeddable":true,"href":"https:\/\/www.nauticclubhers.fr\/index.php\/wp-json\/wp\/v2\/comments?post=6"}],"version-history":[{"count":7,"href":"https:\/\/www.nauticclubhers.fr\/index.php\/wp-json\/wp\/v2\/pages\/6\/revisions"}],"predecessor-version":[{"id":1537,"href":"https:\/\/www.nauticclubhers.fr\/index.php\/wp-json\/wp\/v2\/pages\/6\/revisions\/1537"}],"wp:attachment":[{"href":"https:\/\/www.nauticclubhers.fr\/index.php\/wp-json\/wp\/v2\/media?parent=6"}],"curies":[{"name":"wp","href":"https:\/\/api.w.org\/{rel}","templated":true}]}}