{"id":60,"date":"2015-11-09T22:05:27","date_gmt":"2015-11-09T21:05:27","guid":{"rendered":"http:\/\/www.nauticclubhers.fr\/?page_id=60"},"modified":"2023-10-17T12:41:09","modified_gmt":"2023-10-17T11:41:09","slug":"moniteurs","status":"publish","type":"page","link":"https:\/\/www.nauticclubhers.fr\/index.php\/les-acteurs\/moniteurs\/","title":{"rendered":"Moniteurs"},"content":{"rendered":"\n<figure class=\"wp-block-image size-large\"><a href=\"https:\/\/www.nauticclubhers.fr\/wp-content\/uploads\/2023\/10\/Photo-entraineurs-2023-bnfd-scaled.jpg\"><img loading=\"lazy\" decoding=\"async\" width=\"1024\" height=\"771\" src=\"https:\/\/www.nauticclubhers.fr\/wp-content\/uploads\/2023\/10\/Photo-entraineurs-2023-bnfd-1024x771.jpg\" alt=\"\" class=\"wp-image-1934\" srcset=\"https:\/\/www.nauticclubhers.fr\/wp-content\/uploads\/2023\/10\/Photo-entraineurs-2023-bnfd-1024x771.jpg 1024w, https:\/\/www.nauticclubhers.fr\/wp-content\/uploads\/2023\/10\/Photo-entraineurs-2023-bnfd-300x226.jpg 300w, https:\/\/www.nauticclubhers.fr\/wp-content\/uploads\/2023\/10\/Photo-entraineurs-2023-bnfd-768x579.jpg 768w, https:\/\/www.nauticclubhers.fr\/wp-content\/uploads\/2023\/10\/Photo-entraineurs-2023-bnfd-1536x1157.jpg 1536w, https:\/\/www.nauticclubhers.fr\/wp-content\/uploads\/2023\/10\/Photo-entraineurs-2023-bnfd-2048x1543.jpg 2048w\" sizes=\"auto, (max-width: 1024px) 100vw, 1024px\" \/><\/a><\/figure>\n\n\n\n<figure class=\"wp-block-table\"><table><thead><tr><td>\n<p><strong>ENCADRANTS<\/strong><\/p>\n<\/td><td>\n<p><strong>DATE D\u2019ENTREE<\/strong><\/p>\n<\/td><td>\n<p><strong>DIPLOMES<\/strong><\/p>\n<\/td><\/tr><\/thead><tbody><tr><td>\n<p><strong>Fr\u00e9d\u00e9ric CAHUZAC<\/strong><\/p>\n<\/td><td>\n<p>2000<\/p>\n<\/td><td>\n<p>BEESAN<\/p>\n<\/td><\/tr><tr><td>\n<p><strong>S\u00e9bastien ECHE<\/strong><\/p>\n<\/td><td>\n<p>2000<\/p>\n<\/td><td>\n<p>BEESAN + Licence Staps Option APA<\/p>\n<\/td><\/tr><tr><td>\n<p><strong>Karine CUIT<\/strong><\/p>\n<\/td><td>\n<p>2016<\/p>\n<\/td><td>\n<p>BEESAN&nbsp; option Handisport + Licence Staps option APA<\/p>\n<\/td><\/tr><tr><td>\n<p><strong>Laura GUINOT<\/strong><\/p>\n<\/td><td> 2022 <\/td><td>\n<p>BPJEPS \u2013 Apprenti BF3\/MSN<\/p>\n<\/td><\/tr><tr><td>\n<p><strong>Justin MARSAN<\/strong><\/p>\n<\/td><td> <p>202<span style=\"font-family: inherit; font-size: inherit; background-color: rgb(255, 255, 255);\">1 <\/span><\/p><\/td><td>\n<p>BF3\/MSN<\/p>\n<p>Apprenti DEJEPS+BF4<\/p>\n<\/td><\/tr><tr><td>\n<p><strong>Marie-Ange CONTE<\/strong><\/p>\n<\/td><td>\n<p>2023<\/p>\n<\/td><td>\n<p>Apprentie BPJEPS-AAN<\/p>\n<\/td><\/tr><tr><td>\n<p><strong>Manon CHANTEPERDRIX<\/strong><\/p>\n<\/td><td> 2023 <\/td><td>MIG<\/td><\/tr><\/tbody><\/table><\/figure>\n\n\n\n<p><strong>BNSSA<\/strong> : Brevet National de Sauvetage Secourisme Aquatique<\/p>\n\n\n\n<p><strong>BEESAN<\/strong> : Brevet d&rsquo;Etat d&rsquo;Educateur Sportif Activit\u00e9 Natation<\/p>\n\n\n\n<p><strong>BPJEPS<\/strong> : Brevet Professionnel de la Jeunesse, de l&rsquo;Education Populaire et du Sport<\/p>\n\n\n\n<p><strong>MIG<\/strong> : Mission d&rsquo;Int\u00e9r\u00eat G\u00e9n\u00e9ral<\/p>\n\n\n\n<p><strong>STAPS <\/strong>: Sciences et Techniques des Activit\u00e9s Physiques et Sportives<\/p>\n\n\n\n<p><strong>ES<\/strong> : Entrainement Sportif<\/p>\n\n\n\n<p><strong>DEJEPS :<\/strong> Dipl\u00f4me d&rsquo;Etat de la Jeunesse, de l&rsquo;Education Populaire et du Sport<\/p>\n","protected":false},"excerpt":{"rendered":"<p>ENCADRANTS DATE D\u2019ENTREE DIPLOMES Fr\u00e9d\u00e9ric CAHUZAC 2000 BEESAN S\u00e9bastien ECHE 2000 BEESAN + Licence Staps Option APA Karine CUIT 2016 BEESAN&nbsp; option Handisport + Licence Staps option APA Laura GUINOT 2022 BPJEPS \u2013 Apprenti BF3\/MSN Justin MARSAN 2021 BF3\/MSN Apprenti DEJEPS+BF4 Marie-Ange CONTE 2023 Apprentie BPJEPS-AAN Manon CHANTEPERDRIX 2023 MIG BNSSA : Brevet National de &hellip; <a href=\"https:\/\/www.nauticclubhers.fr\/index.php\/les-acteurs\/moniteurs\/\" class=\"more-link\">Continuer la lecture de <span class=\"screen-reader-text\">Moniteurs<\/span> <span class=\"meta-nav\">&rarr;<\/span><\/a><\/p>\n","protected":false},"author":2,"featured_media":0,"parent":37,"menu_order":2,"comment_status":"closed","ping_status":"closed","template":"","meta":{"footnotes":""},"class_list":["post-60","page","type-page","status-publish","hentry"],"_links":{"self":[{"href":"https:\/\/www.nauticclubhers.fr\/index.php\/wp-json\/wp\/v2\/pages\/60","targetHints":{"allow":["GET"]}}],"collection":[{"href":"https:\/\/www.nauticclubhers.fr\/index.php\/wp-json\/wp\/v2\/pages"}],"about":[{"href":"https:\/\/www.nauticclubhers.fr\/index.php\/wp-json\/wp\/v2\/types\/page"}],"author":[{"embeddable":true,"href":"https:\/\/www.nauticclubhers.fr\/index.php\/wp-json\/wp\/v2\/users\/2"}],"replies":[{"embeddable":true,"href":"https:\/\/www.nauticclubhers.fr\/index.php\/wp-json\/wp\/v2\/comments?post=60"}],"version-history":[{"count":28,"href":"https:\/\/www.nauticclubhers.fr\/index.php\/wp-json\/wp\/v2\/pages\/60\/revisions"}],"predecessor-version":[{"id":1938,"href":"https:\/\/www.nauticclubhers.fr\/index.php\/wp-json\/wp\/v2\/pages\/60\/revisions\/1938"}],"up":[{"embeddable":true,"href":"https:\/\/www.nauticclubhers.fr\/index.php\/wp-json\/wp\/v2\/pages\/37"}],"wp:attachment":[{"href":"https:\/\/www.nauticclubhers.fr\/index.php\/wp-json\/wp\/v2\/media?parent=60"}],"curies":[{"name":"wp","href":"https:\/\/api.w.org\/{rel}","templated":true}]}}