{"id":64,"date":"2015-11-09T22:11:11","date_gmt":"2015-11-09T21:11:11","guid":{"rendered":"http:\/\/www.nauticclubhers.fr\/?page_id=64"},"modified":"2023-11-07T21:27:33","modified_gmt":"2023-11-07T20:27:33","slug":"officiels","status":"publish","type":"page","link":"https:\/\/www.nauticclubhers.fr\/index.php\/les-acteurs\/officiels\/","title":{"rendered":"Officiels"},"content":{"rendered":"\n<p>Les officiels d\u00e9signent des personnes form\u00e9es pour la fonction de chronom\u00e9treurs et&nbsp;juges d&rsquo;arriv\u00e9e : plongeons,&nbsp;virages, touchers de mur&#8230;<\/p>\n\n\n\n<p>Lorsque l&rsquo;on engage des nageurs dans une comp\u00e9tition le club est tenu de pr\u00e9senter un nombre de chronom\u00e9treurs qui d\u00e9pend du nombre de nageurs inscrits \u00e0 la comp\u00e9tition.<\/p>\n\n\n\n<h3 class=\"wp-block-heading\"><span style=\"color: #00ccff;\"><a href=\"https:\/\/www.nauticclubhers.fr\/wp-content\/uploads\/2023\/11\/OFFICIELS-2023-2024.pdf\" data-type=\"link\" data-id=\"https:\/\/www.nauticclubhers.fr\/wp-content\/uploads\/2023\/11\/OFFICIELS-2023-2024.pdf\">Liste des Chronom\u00e9treurs, juge-arbitre, juge d\u2019arriv\u00e9e<\/a><\/span><\/h3>\n\n\n\n<p><\/p>\n","protected":false},"excerpt":{"rendered":"<p>Les officiels d\u00e9signent des personnes form\u00e9es pour la fonction de chronom\u00e9treurs et&nbsp;juges d&rsquo;arriv\u00e9e : plongeons,&nbsp;virages, touchers de mur&#8230; Lorsque l&rsquo;on engage des nageurs dans une comp\u00e9tition le club est tenu de pr\u00e9senter un nombre de chronom\u00e9treurs qui d\u00e9pend du nombre de nageurs inscrits \u00e0 la comp\u00e9tition. Liste des Chronom\u00e9treurs, juge-arbitre, juge d\u2019arriv\u00e9e<\/p>\n","protected":false},"author":2,"featured_media":0,"parent":37,"menu_order":0,"comment_status":"closed","ping_status":"closed","template":"","meta":{"footnotes":""},"class_list":["post-64","page","type-page","status-publish","hentry"],"_links":{"self":[{"href":"https:\/\/www.nauticclubhers.fr\/index.php\/wp-json\/wp\/v2\/pages\/64","targetHints":{"allow":["GET"]}}],"collection":[{"href":"https:\/\/www.nauticclubhers.fr\/index.php\/wp-json\/wp\/v2\/pages"}],"about":[{"href":"https:\/\/www.nauticclubhers.fr\/index.php\/wp-json\/wp\/v2\/types\/page"}],"author":[{"embeddable":true,"href":"https:\/\/www.nauticclubhers.fr\/index.php\/wp-json\/wp\/v2\/users\/2"}],"replies":[{"embeddable":true,"href":"https:\/\/www.nauticclubhers.fr\/index.php\/wp-json\/wp\/v2\/comments?post=64"}],"version-history":[{"count":15,"href":"https:\/\/www.nauticclubhers.fr\/index.php\/wp-json\/wp\/v2\/pages\/64\/revisions"}],"predecessor-version":[{"id":2022,"href":"https:\/\/www.nauticclubhers.fr\/index.php\/wp-json\/wp\/v2\/pages\/64\/revisions\/2022"}],"up":[{"embeddable":true,"href":"https:\/\/www.nauticclubhers.fr\/index.php\/wp-json\/wp\/v2\/pages\/37"}],"wp:attachment":[{"href":"https:\/\/www.nauticclubhers.fr\/index.php\/wp-json\/wp\/v2\/media?parent=64"}],"curies":[{"name":"wp","href":"https:\/\/api.w.org\/{rel}","templated":true}]}}