{"id":773,"date":"2021-10-26T21:01:10","date_gmt":"2021-10-26T20:01:10","guid":{"rendered":"https:\/\/www.nauticclubhers.fr\/?page_id=773"},"modified":"2025-07-14T16:10:37","modified_gmt":"2025-07-14T15:10:37","slug":"nouveau-menu","status":"publish","type":"page","link":"https:\/\/www.nauticclubhers.fr\/index.php\/nouveau-menu\/","title":{"rendered":"Sport Adapt\u00e9"},"content":{"rendered":"\n<p>La section Sport Adapt\u00e9 du Nautic Club de l\u2019Hers souffle cette saison sa 3\u1d49 bougie, port\u00e9e par l\u2019\u00e9nergie communicative de nos deux encadrantes, Karine et Marie-Ange. <\/p>\n\n\n\n<p>Dix athl\u00e8tes passionn\u00e9\u00b7e\u00b7s (6 r\u00e9sidents du foyer de vie et 4 nageur\u00b7euse\u00b7s ext\u00e9rieur\u00b7e\u00b7s) se retrouvent chaque semaine pour progresser, tisser des liens et prendre plaisir dans l\u2019eau. <\/p>\n\n\n\n<p>Leur engagement a \u00e9t\u00e9 r\u00e9compens\u00e9 par la qualification de 2 nageuses et 4 nageurs au Championnat de France de Sport Adapt\u00e9 \u00e0 Saint-Rapha\u00ebl (19-22 juin 2025) : <strong>Marion a rapport\u00e9 5 m\u00e9dailles, Maxime 2, et tous ont atteint les finales<\/strong>. <\/p>\n\n\n\n<p>Ce succ\u00e8s confirme la volont\u00e9 du NCH de p\u00e9renniser et d\u00e9velopper cette offre inclusive, et constitue une belle fiert\u00e9 collective, au-del\u00e0 de nos esp\u00e9rances ! Venez d\u00e9couvrir et soutenir notre Team SA !<\/p>\n\n\n\n<figure class=\"wp-block-image size-large\"><a href=\"https:\/\/www.nauticclubhers.fr\/wp-content\/uploads\/2025\/07\/GROUPE-1.jpg\"><img loading=\"lazy\" decoding=\"async\" width=\"1024\" height=\"651\" src=\"https:\/\/www.nauticclubhers.fr\/wp-content\/uploads\/2025\/07\/GROUPE-1-1024x651.jpg\" alt=\"\" class=\"wp-image-2300\" srcset=\"https:\/\/www.nauticclubhers.fr\/wp-content\/uploads\/2025\/07\/GROUPE-1-1024x651.jpg 1024w, https:\/\/www.nauticclubhers.fr\/wp-content\/uploads\/2025\/07\/GROUPE-1-300x191.jpg 300w, https:\/\/www.nauticclubhers.fr\/wp-content\/uploads\/2025\/07\/GROUPE-1-768x489.jpg 768w, https:\/\/www.nauticclubhers.fr\/wp-content\/uploads\/2025\/07\/GROUPE-1.jpg 1418w\" sizes=\"auto, (max-width: 1024px) 100vw, 1024px\" \/><\/a><\/figure>\n\n\n\n<blockquote class=\"wp-block-quote is-layout-flow wp-block-quote-is-layout-flow\">\n<p><\/p>\n<\/blockquote>\n\n\n\n<h2 class=\"wp-block-heading\">Objectifs:<\/h2>\n\n\n\n<ul class=\"wp-block-list\">\n<li>Permettre \u00e0 des sportifs en situation de handicap mental, psychique et\/ou pr\u00e9sentant des Troubles du Spectre Autistique d\u2019acc\u00e9der \u00e0 la pratique r\u00e9guli\u00e8re de la natation, <\/li>\n\n\n\n<li>Perfectionner les techniques des nages, Apprendre de nouvelles nages,<\/li>\n\n\n\n<li>Favoriser la vie associative inclusive au sein d\u2019un club affili\u00e9 FFN et Participer \u00e0 des comp\u00e9titions. Favoriser l&rsquo;autonomie<\/li>\n\n\n\n<li>Education \u00e0 la sant\u00e9,  Education \u00e0 la pratique d&rsquo;une activit\u00e9 physique r\u00e9guli\u00e8re int\u00e9gr\u00e9e dans la vie de chaque adh\u00e9rent. En effet, les nageurs et nageurs de la section, sont des adh\u00e9rents du NCH et \u00e0 ce titre participeront aux animations traditionnelles organis\u00e9es par le club en accord avec le foyer de vie et les tuteurs.<\/li>\n\n\n\n<li>Nous envisageons dans un premier temps des s\u00e9ances de perfectionnement sp\u00e9cifiques Sport Adapt\u00e9 mais nous n&rsquo;excluons pas le d\u00e9veloppement de s\u00e9ances de perfectionnement mixtes et inclusives. <\/li>\n<\/ul>\n\n\n\n<h2 class=\"wp-block-heading\"><br>En pratique<\/h2>\n\n\n\n<ul class=\"wp-block-list\">\n<li>S\u00e9ances d\u2019entra\u00eenements hebdomadaires le Jeudi de 16h \u00e0 17h encadr\u00e9es par une monitrice dipl\u00f4m\u00e9e .<\/li>\n\n\n\n<li>Cette saison de cr\u00e9ation est ax\u00e9e sur la pratique de la natation de loisir et du perfectionnement des nages.<br>Selon l\u2019\u00e9volution des nageuses et nageurs, et leur d\u00e9sir, l\u2019objectif de la saison prochaine est la participation \u00e0 des comp\u00e9titions organis\u00e9es par la FFSA sur la r\u00e9gion de Toulouse et\/ou le d\u00e9veloppement de s\u00e9ances de perfectionnement mixtes et inclusives.<\/li>\n<\/ul>\n\n\n\n<h2 class=\"wp-block-heading\">Partenaires<\/h2>\n\n\n\n<ul class=\"wp-block-list\">\n<li>La Mairie de Saint-Orens de Gameville<\/li>\n\n\n\n<li>L\u2019intercommunalit\u00e9 Sicoval<\/li>\n\n\n\n<li>Le foyer de vie de Saint-Orens \u00ab La demeure \u00bb avec toute son \u00e9quipe, professeurs de sport, \u00e9ducateurs, direction<\/li>\n\n\n\n<li>Le Comit\u00e9 D\u00e9partemental Sport Adapt\u00e9<\/li>\n<\/ul>\n\n\n\n<h2 class=\"wp-block-heading\">Calendrier des \u00e9v\u00e8nements<\/h2>\n\n\n\n<p>(<em>En attente des transmissions par la f\u00e9d\u00e9ration<\/em> pour la saison 2025-2026)<\/p>\n\n\n\n<h2 class=\"wp-block-heading\">Horaires des entrainements<\/h2>\n\n\n\n<p><strong>Les cr\u00e9neaux Sport Adapt\u00e9s sont le Jeudi apr\u00e8s midi et le Samedi Matin<\/strong><\/p>\n\n\n\n<figure class=\"wp-block-image size-large\"><a href=\"https:\/\/www.nauticclubhers.fr\/wp-content\/uploads\/2025\/07\/image-2.png\"><img loading=\"lazy\" decoding=\"async\" width=\"1024\" height=\"754\" src=\"https:\/\/www.nauticclubhers.fr\/wp-content\/uploads\/2025\/07\/image-2-1024x754.png\" alt=\"\" class=\"wp-image-2291\" srcset=\"https:\/\/www.nauticclubhers.fr\/wp-content\/uploads\/2025\/07\/image-2-1024x754.png 1024w, https:\/\/www.nauticclubhers.fr\/wp-content\/uploads\/2025\/07\/image-2-300x221.png 300w, https:\/\/www.nauticclubhers.fr\/wp-content\/uploads\/2025\/07\/image-2-768x566.png 768w, https:\/\/www.nauticclubhers.fr\/wp-content\/uploads\/2025\/07\/image-2.png 1063w\" sizes=\"auto, (max-width: 1024px) 100vw, 1024px\" \/><\/a><\/figure>\n","protected":false},"excerpt":{"rendered":"<p>La section Sport Adapt\u00e9 du Nautic Club de l\u2019Hers souffle cette saison sa 3\u1d49 bougie, port\u00e9e par l\u2019\u00e9nergie communicative de nos deux encadrantes, Karine et Marie-Ange. Dix athl\u00e8tes passionn\u00e9\u00b7e\u00b7s (6 r\u00e9sidents du foyer de vie et 4 nageur\u00b7euse\u00b7s ext\u00e9rieur\u00b7e\u00b7s) se retrouvent chaque semaine pour progresser, tisser des liens et prendre plaisir dans l\u2019eau. Leur engagement &hellip; <a href=\"https:\/\/www.nauticclubhers.fr\/index.php\/nouveau-menu\/\" class=\"more-link\">Continuer la lecture de <span class=\"screen-reader-text\">Sport Adapt\u00e9<\/span> <span class=\"meta-nav\">&rarr;<\/span><\/a><\/p>\n","protected":false},"author":2,"featured_media":0,"parent":0,"menu_order":0,"comment_status":"closed","ping_status":"closed","template":"","meta":{"footnotes":""},"class_list":["post-773","page","type-page","status-publish","hentry"],"_links":{"self":[{"href":"https:\/\/www.nauticclubhers.fr\/index.php\/wp-json\/wp\/v2\/pages\/773","targetHints":{"allow":["GET"]}}],"collection":[{"href":"https:\/\/www.nauticclubhers.fr\/index.php\/wp-json\/wp\/v2\/pages"}],"about":[{"href":"https:\/\/www.nauticclubhers.fr\/index.php\/wp-json\/wp\/v2\/types\/page"}],"author":[{"embeddable":true,"href":"https:\/\/www.nauticclubhers.fr\/index.php\/wp-json\/wp\/v2\/users\/2"}],"replies":[{"embeddable":true,"href":"https:\/\/www.nauticclubhers.fr\/index.php\/wp-json\/wp\/v2\/comments?post=773"}],"version-history":[{"count":10,"href":"https:\/\/www.nauticclubhers.fr\/index.php\/wp-json\/wp\/v2\/pages\/773\/revisions"}],"predecessor-version":[{"id":2301,"href":"https:\/\/www.nauticclubhers.fr\/index.php\/wp-json\/wp\/v2\/pages\/773\/revisions\/2301"}],"wp:attachment":[{"href":"https:\/\/www.nauticclubhers.fr\/index.php\/wp-json\/wp\/v2\/media?parent=773"}],"curies":[{"name":"wp","href":"https:\/\/api.w.org\/{rel}","templated":true}]}}