{"id":780,"date":"2021-10-26T21:05:46","date_gmt":"2021-10-26T20:05:46","guid":{"rendered":"https:\/\/www.nauticclubhers.fr\/?page_id=780"},"modified":"2022-06-02T14:09:16","modified_gmt":"2022-06-02T13:09:16","slug":"natation-adultes","status":"publish","type":"page","link":"https:\/\/www.nauticclubhers.fr\/index.php\/natation-adultes\/","title":{"rendered":"Natation Adultes"},"content":{"rendered":"\n<p>Le NAUTIC CLUB de l\u2019HERS ayant pour objet la pratique et le perfectionnement de la natation, n\u2019accepte que les personnes poss\u00e9dant la ma\u00eetrise de deux nages (une ventrale et une dorsale), et capables de nager au minimum 50 m\u00e8tres.<\/p>\n\n\n\n<figure class=\"wp-block-image size-large\"><a href=\"https:\/\/www.nauticclubhers.fr\/wp-content\/uploads\/2022\/06\/7-ADULTES-V4-1.jpg\"><img loading=\"lazy\" decoding=\"async\" width=\"1024\" height=\"644\" src=\"https:\/\/www.nauticclubhers.fr\/wp-content\/uploads\/2022\/06\/7-ADULTES-V4-1-1024x644.jpg\" alt=\"\" class=\"wp-image-1206\" srcset=\"https:\/\/www.nauticclubhers.fr\/wp-content\/uploads\/2022\/06\/7-ADULTES-V4-1-1024x644.jpg 1024w, https:\/\/www.nauticclubhers.fr\/wp-content\/uploads\/2022\/06\/7-ADULTES-V4-1-300x189.jpg 300w, https:\/\/www.nauticclubhers.fr\/wp-content\/uploads\/2022\/06\/7-ADULTES-V4-1-768x483.jpg 768w, https:\/\/www.nauticclubhers.fr\/wp-content\/uploads\/2022\/06\/7-ADULTES-V4-1-1536x966.jpg 1536w, https:\/\/www.nauticclubhers.fr\/wp-content\/uploads\/2022\/06\/7-ADULTES-V4-1-2048x1288.jpg 2048w, https:\/\/www.nauticclubhers.fr\/wp-content\/uploads\/2022\/06\/7-ADULTES-V4-1-1320x830.jpg 1320w\" sizes=\"auto, (max-width: 1024px) 100vw, 1024px\" \/><\/a><\/figure>\n","protected":false},"excerpt":{"rendered":"<p>Le NAUTIC CLUB de l\u2019HERS ayant pour objet la pratique et le perfectionnement de la natation, n\u2019accepte que les personnes poss\u00e9dant la ma\u00eetrise de deux nages (une ventrale et une dorsale), et capables de nager au minimum 50 m\u00e8tres.<\/p>\n","protected":false},"author":2,"featured_media":0,"parent":0,"menu_order":0,"comment_status":"closed","ping_status":"closed","template":"","meta":{"footnotes":""},"class_list":["post-780","page","type-page","status-publish","hentry"],"_links":{"self":[{"href":"https:\/\/www.nauticclubhers.fr\/index.php\/wp-json\/wp\/v2\/pages\/780","targetHints":{"allow":["GET"]}}],"collection":[{"href":"https:\/\/www.nauticclubhers.fr\/index.php\/wp-json\/wp\/v2\/pages"}],"about":[{"href":"https:\/\/www.nauticclubhers.fr\/index.php\/wp-json\/wp\/v2\/types\/page"}],"author":[{"embeddable":true,"href":"https:\/\/www.nauticclubhers.fr\/index.php\/wp-json\/wp\/v2\/users\/2"}],"replies":[{"embeddable":true,"href":"https:\/\/www.nauticclubhers.fr\/index.php\/wp-json\/wp\/v2\/comments?post=780"}],"version-history":[{"count":4,"href":"https:\/\/www.nauticclubhers.fr\/index.php\/wp-json\/wp\/v2\/pages\/780\/revisions"}],"predecessor-version":[{"id":1207,"href":"https:\/\/www.nauticclubhers.fr\/index.php\/wp-json\/wp\/v2\/pages\/780\/revisions\/1207"}],"wp:attachment":[{"href":"https:\/\/www.nauticclubhers.fr\/index.php\/wp-json\/wp\/v2\/media?parent=780"}],"curies":[{"name":"wp","href":"https:\/\/api.w.org\/{rel}","templated":true}]}}