{"id":787,"date":"2021-10-26T21:09:34","date_gmt":"2021-10-26T20:09:34","guid":{"rendered":"https:\/\/www.nauticclubhers.fr\/?page_id=787"},"modified":"2023-10-17T13:03:33","modified_gmt":"2023-10-17T12:03:33","slug":"aquagym","status":"publish","type":"page","link":"https:\/\/www.nauticclubhers.fr\/index.php\/aquagym\/","title":{"rendered":"AquaGym"},"content":{"rendered":"\n<div class=\"wp-block-group\"><div class=\"wp-block-group__inner-container is-layout-flow wp-block-group-is-layout-flow\">\n<p>L&rsquo;<strong>aquagym<\/strong>&nbsp;est une forme de&nbsp;<a href=\"https:\/\/fr.wikipedia.org\/wiki\/Gymnastique\">gymnastique<\/a>&nbsp;qui se pratique dans l&rsquo;eau, le plus souvent en piscine. La&nbsp;<a href=\"https:\/\/fr.wikipedia.org\/wiki\/Pression\">pression<\/a>&nbsp;de l&rsquo;eau \u00e9vite les chocs et minimise le risque de courbatures, de&nbsp;<a href=\"https:\/\/fr.wikipedia.org\/wiki\/D%C3%A9chirure_musculaire\">claquages<\/a>&nbsp;ou d&rsquo;<a href=\"https:\/\/fr.wikipedia.org\/wiki\/%C3%89longation_musculaire\">\u00e9longations<\/a>&nbsp;<a href=\"https:\/\/fr.wikipedia.org\/wiki\/Muscle\">musculaires<\/a>. Elle procure une sensation de l\u00e9g\u00e8ret\u00e9.<\/p>\n\n\n\n<p>Cette discipline, r\u00e9serv\u00e9e aux adultes, peut \u00eatre pratiqu\u00e9e sans limite d&rsquo;\u00e2ge, que l&rsquo;on soit\u00a0<a href=\"https:\/\/fr.wikipedia.org\/wiki\/Natation\">nageur<\/a>\u00a0ou non. Quelques places sont r\u00e9serv\u00e9es dans le cadre d&rsquo;une activit\u00e9 sportive adapt\u00e9e (FFSA) en milieu ordinaire.<\/p>\n\n\n\n<p><\/p>\n\n\n\n<p>C&rsquo;est un sport permettant de travailler diff\u00e9rents groupes musculaires, dont les&nbsp;<a href=\"https:\/\/fr.wikipedia.org\/wiki\/Abdominaux\">abdominaux<\/a>,&nbsp;<a href=\"https:\/\/fr.wikipedia.org\/wiki\/Fesse\">fessiers<\/a>,&nbsp;<a href=\"https:\/\/fr.wikipedia.org\/wiki\/Cuisse\">cuisses<\/a>,&nbsp;<a href=\"https:\/\/fr.wikipedia.org\/wiki\/Bras_(segment_de_membre)\">bras<\/a>&nbsp;et&nbsp;<a href=\"https:\/\/fr.wikipedia.org\/wiki\/%C3%89paule\">\u00e9paules<\/a>.<\/p>\n\n\n\n<p>Il se pratique parfois en musique, afin de donner du rythme aux s\u00e9ances.<\/p>\n\n\n\n<figure class=\"wp-block-video\"><video height=\"540\" style=\"aspect-ratio: 960 \/ 540;\" width=\"960\" controls src=\"https:\/\/www.nauticclubhers.fr\/wp-content\/uploads\/2023\/03\/AQUADANCE2-1.mp4\"><\/video><\/figure>\n<\/div><\/div>\n\n\n\n<figure class=\"wp-block-gallery has-nested-images columns-default is-cropped wp-block-gallery-1 is-layout-flex wp-block-gallery-is-layout-flex\">\n<figure class=\"wp-block-image size-large\"><a href=\"https:\/\/www.nauticclubhers.fr\/wp-content\/uploads\/2022\/05\/AG1-1-scaled.jpg\"><img loading=\"lazy\" decoding=\"async\" width=\"2560\" height=\"1026\" data-id=\"1112\" src=\"https:\/\/www.nauticclubhers.fr\/wp-content\/uploads\/2022\/05\/AG1-1-scaled.jpg\" alt=\"\" class=\"wp-image-1112\" srcset=\"https:\/\/www.nauticclubhers.fr\/wp-content\/uploads\/2022\/05\/AG1-1-scaled.jpg 2560w, https:\/\/www.nauticclubhers.fr\/wp-content\/uploads\/2022\/05\/AG1-1-300x120.jpg 300w, https:\/\/www.nauticclubhers.fr\/wp-content\/uploads\/2022\/05\/AG1-1-1024x411.jpg 1024w, https:\/\/www.nauticclubhers.fr\/wp-content\/uploads\/2022\/05\/AG1-1-768x308.jpg 768w, https:\/\/www.nauticclubhers.fr\/wp-content\/uploads\/2022\/05\/AG1-1-1536x616.jpg 1536w, https:\/\/www.nauticclubhers.fr\/wp-content\/uploads\/2022\/05\/AG1-1-2048x821.jpg 2048w, https:\/\/www.nauticclubhers.fr\/wp-content\/uploads\/2022\/05\/AG1-1-1320x529.jpg 1320w\" sizes=\"auto, (max-width: 2560px) 100vw, 2560px\" \/><\/a><figcaption class=\"wp-element-caption\">OLYMPUS DIGITAL CAMERA<\/figcaption><\/figure>\n\n\n\n<figure class=\"wp-block-image size-large\"><a href=\"https:\/\/www.nauticclubhers.fr\/wp-content\/uploads\/2022\/05\/AG1-2-scaled.jpg\"><img loading=\"lazy\" decoding=\"async\" width=\"2560\" height=\"948\" data-id=\"1113\" src=\"https:\/\/www.nauticclubhers.fr\/wp-content\/uploads\/2022\/05\/AG1-2-scaled.jpg\" alt=\"\" class=\"wp-image-1113\" srcset=\"https:\/\/www.nauticclubhers.fr\/wp-content\/uploads\/2022\/05\/AG1-2-scaled.jpg 2560w, https:\/\/www.nauticclubhers.fr\/wp-content\/uploads\/2022\/05\/AG1-2-300x111.jpg 300w, https:\/\/www.nauticclubhers.fr\/wp-content\/uploads\/2022\/05\/AG1-2-1024x379.jpg 1024w, https:\/\/www.nauticclubhers.fr\/wp-content\/uploads\/2022\/05\/AG1-2-768x285.jpg 768w, https:\/\/www.nauticclubhers.fr\/wp-content\/uploads\/2022\/05\/AG1-2-1536x569.jpg 1536w, https:\/\/www.nauticclubhers.fr\/wp-content\/uploads\/2022\/05\/AG1-2-2048x759.jpg 2048w, https:\/\/www.nauticclubhers.fr\/wp-content\/uploads\/2022\/05\/AG1-2-1320x489.jpg 1320w\" sizes=\"auto, (max-width: 2560px) 100vw, 2560px\" \/><\/a><figcaption class=\"wp-element-caption\">OLYMPUS DIGITAL CAMERA<\/figcaption><\/figure>\n\n\n\n<figure class=\"wp-block-image size-large\"><a href=\"https:\/\/www.nauticclubhers.fr\/wp-content\/uploads\/2022\/05\/AG2-1-scaled.jpg\"><img loading=\"lazy\" decoding=\"async\" width=\"2560\" height=\"1008\" data-id=\"1114\" src=\"https:\/\/www.nauticclubhers.fr\/wp-content\/uploads\/2022\/05\/AG2-1-scaled.jpg\" alt=\"\" class=\"wp-image-1114\" srcset=\"https:\/\/www.nauticclubhers.fr\/wp-content\/uploads\/2022\/05\/AG2-1-scaled.jpg 2560w, https:\/\/www.nauticclubhers.fr\/wp-content\/uploads\/2022\/05\/AG2-1-300x118.jpg 300w, https:\/\/www.nauticclubhers.fr\/wp-content\/uploads\/2022\/05\/AG2-1-1024x403.jpg 1024w, https:\/\/www.nauticclubhers.fr\/wp-content\/uploads\/2022\/05\/AG2-1-768x302.jpg 768w, https:\/\/www.nauticclubhers.fr\/wp-content\/uploads\/2022\/05\/AG2-1-1536x605.jpg 1536w, https:\/\/www.nauticclubhers.fr\/wp-content\/uploads\/2022\/05\/AG2-1-2048x806.jpg 2048w, https:\/\/www.nauticclubhers.fr\/wp-content\/uploads\/2022\/05\/AG2-1-1320x520.jpg 1320w\" sizes=\"auto, (max-width: 2560px) 100vw, 2560px\" \/><\/a><figcaption class=\"wp-element-caption\">OLYMPUS DIGITAL CAMERA<\/figcaption><\/figure>\n\n\n\n<figure class=\"wp-block-image size-large\"><a href=\"https:\/\/www.nauticclubhers.fr\/wp-content\/uploads\/2022\/05\/AG2-2-scaled.jpg\"><img loading=\"lazy\" decoding=\"async\" width=\"2560\" height=\"960\" data-id=\"1115\" src=\"https:\/\/www.nauticclubhers.fr\/wp-content\/uploads\/2022\/05\/AG2-2-scaled.jpg\" alt=\"\" class=\"wp-image-1115\" srcset=\"https:\/\/www.nauticclubhers.fr\/wp-content\/uploads\/2022\/05\/AG2-2-scaled.jpg 2560w, https:\/\/www.nauticclubhers.fr\/wp-content\/uploads\/2022\/05\/AG2-2-300x112.jpg 300w, https:\/\/www.nauticclubhers.fr\/wp-content\/uploads\/2022\/05\/AG2-2-1024x384.jpg 1024w, https:\/\/www.nauticclubhers.fr\/wp-content\/uploads\/2022\/05\/AG2-2-768x288.jpg 768w, https:\/\/www.nauticclubhers.fr\/wp-content\/uploads\/2022\/05\/AG2-2-1536x576.jpg 1536w, https:\/\/www.nauticclubhers.fr\/wp-content\/uploads\/2022\/05\/AG2-2-2048x768.jpg 2048w, https:\/\/www.nauticclubhers.fr\/wp-content\/uploads\/2022\/05\/AG2-2-1320x495.jpg 1320w\" sizes=\"auto, (max-width: 2560px) 100vw, 2560px\" \/><\/a><figcaption class=\"wp-element-caption\">OLYMPUS DIGITAL CAMERA<\/figcaption><\/figure>\n<\/figure>\n","protected":false},"excerpt":{"rendered":"<p>L&rsquo;aquagym&nbsp;est une forme de&nbsp;gymnastique&nbsp;qui se pratique dans l&rsquo;eau, le plus souvent en piscine. La&nbsp;pression&nbsp;de l&rsquo;eau \u00e9vite les chocs et minimise le risque de courbatures, de&nbsp;claquages&nbsp;ou d&rsquo;\u00e9longations&nbsp;musculaires. Elle procure une sensation de l\u00e9g\u00e8ret\u00e9. Cette discipline, r\u00e9serv\u00e9e aux adultes, peut \u00eatre pratiqu\u00e9e sans limite d&rsquo;\u00e2ge, que l&rsquo;on soit\u00a0nageur\u00a0ou non. Quelques places sont r\u00e9serv\u00e9es dans le cadre d&rsquo;une &hellip; <a href=\"https:\/\/www.nauticclubhers.fr\/index.php\/aquagym\/\" class=\"more-link\">Continuer la lecture de <span class=\"screen-reader-text\">AquaGym<\/span> <span class=\"meta-nav\">&rarr;<\/span><\/a><\/p>\n","protected":false},"author":2,"featured_media":0,"parent":0,"menu_order":0,"comment_status":"closed","ping_status":"closed","template":"","meta":{"footnotes":""},"class_list":["post-787","page","type-page","status-publish","hentry"],"_links":{"self":[{"href":"https:\/\/www.nauticclubhers.fr\/index.php\/wp-json\/wp\/v2\/pages\/787","targetHints":{"allow":["GET"]}}],"collection":[{"href":"https:\/\/www.nauticclubhers.fr\/index.php\/wp-json\/wp\/v2\/pages"}],"about":[{"href":"https:\/\/www.nauticclubhers.fr\/index.php\/wp-json\/wp\/v2\/types\/page"}],"author":[{"embeddable":true,"href":"https:\/\/www.nauticclubhers.fr\/index.php\/wp-json\/wp\/v2\/users\/2"}],"replies":[{"embeddable":true,"href":"https:\/\/www.nauticclubhers.fr\/index.php\/wp-json\/wp\/v2\/comments?post=787"}],"version-history":[{"count":6,"href":"https:\/\/www.nauticclubhers.fr\/index.php\/wp-json\/wp\/v2\/pages\/787\/revisions"}],"predecessor-version":[{"id":1949,"href":"https:\/\/www.nauticclubhers.fr\/index.php\/wp-json\/wp\/v2\/pages\/787\/revisions\/1949"}],"wp:attachment":[{"href":"https:\/\/www.nauticclubhers.fr\/index.php\/wp-json\/wp\/v2\/media?parent=787"}],"curies":[{"name":"wp","href":"https:\/\/api.w.org\/{rel}","templated":true}]}}