{"id":85,"date":"2015-12-29T17:56:04","date_gmt":"2015-12-29T16:56:04","guid":{"rendered":"http:\/\/www.nauticclubhers.fr\/?page_id=85"},"modified":"2025-07-13T11:44:45","modified_gmt":"2025-07-13T10:44:45","slug":"jours-feries-ponts-et-vacances-scolaires","status":"publish","type":"page","link":"https:\/\/www.nauticclubhers.fr\/index.php\/entrainements\/jours-feries-ponts-et-vacances-scolaires\/","title":{"rendered":"Jours f\u00e9ri\u00e9s, ponts et vacances scolaires"},"content":{"rendered":"<p>Le Nautic Club de l&rsquo;Hers propose des s\u00e9ances de natation toute l&rsquo;ann\u00e9e en <a href=\"https:\/\/www.service-public.fr\/particuliers\/vosdroits\/F31952\">dehors des p\u00e9riodes de vacances scolaires<\/a> et de certains ponts.<\/p>\n\n\n<p><\/p>\n","protected":false},"excerpt":{"rendered":"<p>Le Nautic Club de l&rsquo;Hers propose des s\u00e9ances de natation toute l&rsquo;ann\u00e9e en dehors des p\u00e9riodes de vacances scolaires et de certains ponts.<\/p>\n","protected":false},"author":2,"featured_media":0,"parent":17,"menu_order":0,"comment_status":"closed","ping_status":"closed","template":"","meta":{"footnotes":""},"class_list":["post-85","page","type-page","status-publish","hentry"],"_links":{"self":[{"href":"https:\/\/www.nauticclubhers.fr\/index.php\/wp-json\/wp\/v2\/pages\/85","targetHints":{"allow":["GET"]}}],"collection":[{"href":"https:\/\/www.nauticclubhers.fr\/index.php\/wp-json\/wp\/v2\/pages"}],"about":[{"href":"https:\/\/www.nauticclubhers.fr\/index.php\/wp-json\/wp\/v2\/types\/page"}],"author":[{"embeddable":true,"href":"https:\/\/www.nauticclubhers.fr\/index.php\/wp-json\/wp\/v2\/users\/2"}],"replies":[{"embeddable":true,"href":"https:\/\/www.nauticclubhers.fr\/index.php\/wp-json\/wp\/v2\/comments?post=85"}],"version-history":[{"count":21,"href":"https:\/\/www.nauticclubhers.fr\/index.php\/wp-json\/wp\/v2\/pages\/85\/revisions"}],"predecessor-version":[{"id":2286,"href":"https:\/\/www.nauticclubhers.fr\/index.php\/wp-json\/wp\/v2\/pages\/85\/revisions\/2286"}],"up":[{"embeddable":true,"href":"https:\/\/www.nauticclubhers.fr\/index.php\/wp-json\/wp\/v2\/pages\/17"}],"wp:attachment":[{"href":"https:\/\/www.nauticclubhers.fr\/index.php\/wp-json\/wp\/v2\/media?parent=85"}],"curies":[{"name":"wp","href":"https:\/\/api.w.org\/{rel}","templated":true}]}}