{"id":92,"date":"2015-12-29T18:07:00","date_gmt":"2015-12-29T17:07:00","guid":{"rendered":"http:\/\/www.nauticclubhers.fr\/?page_id=92"},"modified":"2023-04-16T19:57:57","modified_gmt":"2023-04-16T18:57:57","slug":"competitions","status":"publish","type":"page","link":"https:\/\/www.nauticclubhers.fr\/index.php\/competitions\/","title":{"rendered":"Comp\u00e9titions"},"content":{"rendered":"\n<blockquote class=\"wp-block-quote is-layout-flow wp-block-quote-is-layout-flow\">\n<p>Comp\u00e9tition d\u00e9partementale L\u00e9o Lagrange Avril 2023<\/p>\n<\/blockquote>\n\n\n\n<figure class=\"wp-block-image size-full is-resized\"><a href=\"https:\/\/www.nauticclubhers.fr\/wp-content\/uploads\/2023\/04\/Compet-departementale-2-avril-2023-Leo-Lagrange.jpg\"><img loading=\"lazy\" decoding=\"async\" src=\"https:\/\/www.nauticclubhers.fr\/wp-content\/uploads\/2023\/04\/Compet-departementale-2-avril-2023-Leo-Lagrange.jpg\" alt=\"\" class=\"wp-image-1728\" width=\"240\" height=\"320\" srcset=\"https:\/\/www.nauticclubhers.fr\/wp-content\/uploads\/2023\/04\/Compet-departementale-2-avril-2023-Leo-Lagrange.jpg 240w, https:\/\/www.nauticclubhers.fr\/wp-content\/uploads\/2023\/04\/Compet-departementale-2-avril-2023-Leo-Lagrange-225x300.jpg 225w\" sizes=\"auto, (max-width: 240px) 100vw, 240px\" \/><\/a><\/figure>\n\n\n\n<h1 class=\"wp-block-heading\"><a href=\"https:\/\/www.nauticclubhers.fr\/index.php\/2023\/02\/02\/interdiction-des-maillots-techniques-pour-les-categories-benjamins-et-avenirs\/\">Interdiction des \u00ab&nbsp;maillots techniques&nbsp;\u00bb pour les cat\u00e9gories \u00ab&nbsp;benjamins&nbsp;\u00bb et \u00ab&nbsp;avenirs&nbsp;\u00bb<\/a><\/h1>\n\n\n\n<p><\/p>\n\n\n\n<p>Circulaire concernant l\u2019interdiction des \u00ab&nbsp;maillots techniques&nbsp;\u00bb pour les cat\u00e9gories \u00ab&nbsp;benjamins&nbsp;\u00bb et \u00ab&nbsp;avenirs&nbsp;\u00bb.<\/p>\n\n\n\n<figure class=\"wp-block-embed\"><div class=\"wp-block-embed__wrapper\">\nhttps:\/\/hautegaronne.ffnatation.fr\/rsc\/1645\/fichiers\/dossiers\/1438.pdf\n<\/div><\/figure>\n","protected":false},"excerpt":{"rendered":"<p>Comp\u00e9tition d\u00e9partementale L\u00e9o Lagrange Avril 2023 Interdiction des \u00ab&nbsp;maillots techniques&nbsp;\u00bb pour les cat\u00e9gories \u00ab&nbsp;benjamins&nbsp;\u00bb et \u00ab&nbsp;avenirs&nbsp;\u00bb Circulaire concernant l\u2019interdiction des \u00ab&nbsp;maillots techniques&nbsp;\u00bb pour les cat\u00e9gories \u00ab&nbsp;benjamins&nbsp;\u00bb et \u00ab&nbsp;avenirs&nbsp;\u00bb.<\/p>\n","protected":false},"author":2,"featured_media":0,"parent":0,"menu_order":0,"comment_status":"closed","ping_status":"closed","template":"","meta":{"footnotes":""},"class_list":["post-92","page","type-page","status-publish","hentry"],"_links":{"self":[{"href":"https:\/\/www.nauticclubhers.fr\/index.php\/wp-json\/wp\/v2\/pages\/92","targetHints":{"allow":["GET"]}}],"collection":[{"href":"https:\/\/www.nauticclubhers.fr\/index.php\/wp-json\/wp\/v2\/pages"}],"about":[{"href":"https:\/\/www.nauticclubhers.fr\/index.php\/wp-json\/wp\/v2\/types\/page"}],"author":[{"embeddable":true,"href":"https:\/\/www.nauticclubhers.fr\/index.php\/wp-json\/wp\/v2\/users\/2"}],"replies":[{"embeddable":true,"href":"https:\/\/www.nauticclubhers.fr\/index.php\/wp-json\/wp\/v2\/comments?post=92"}],"version-history":[{"count":17,"href":"https:\/\/www.nauticclubhers.fr\/index.php\/wp-json\/wp\/v2\/pages\/92\/revisions"}],"predecessor-version":[{"id":1730,"href":"https:\/\/www.nauticclubhers.fr\/index.php\/wp-json\/wp\/v2\/pages\/92\/revisions\/1730"}],"wp:attachment":[{"href":"https:\/\/www.nauticclubhers.fr\/index.php\/wp-json\/wp\/v2\/media?parent=92"}],"curies":[{"name":"wp","href":"https:\/\/api.w.org\/{rel}","templated":true}]}}